{"id":6670,"date":"2024-04-23T10:06:28","date_gmt":"2024-04-23T09:06:28","guid":{"rendered":"https:\/\/www.icent.hr\/en\/?page_id=6670"},"modified":"2024-04-23T10:06:28","modified_gmt":"2024-04-23T09:06:28","slug":"circular-digibuild","status":"publish","type":"page","link":"https:\/\/icent.fer.unizg.hr\/en\/circular-digibuild\/","title":{"rendered":"Circular DigiBuild"},"content":{"rendered":"<div class=\"wpb-content-wrapper\"><p>[vc_row css=&#8221;.vc_custom_1634146995771{margin-bottom: 15px !important;}&#8221;][vc_column]<div class=\"dt-fancy-separator h2-size style-thick title-color accent-border-color\" style=\"width: 100%;\"><div class=\"dt-fancy-title\"><span class=\"separator-holder separator-left\"><\/span>Circular DigiBuild<span class=\"separator-holder separator-right\"><\/span><\/div><\/div>[\/vc_column][\/vc_row][vc_row css=&#8221;.vc_custom_1631014811123{margin-top: 30px !important;}&#8221;][vc_column width=&#8221;1\/4&#8243;]<div class=\"dt-fancy-separator title-left accent-title-color\" style=\"width: 100%;\"><div class=\"dt-fancy-title\"><span class=\"separator-holder separator-left\"><\/span>PROJECT TITLE<span class=\"separator-holder separator-right\"><\/span><\/div><\/div>[vc_column_text]Circular DigiBuild[\/vc_column_text][\/vc_column][vc_column width=&#8221;1\/4&#8243;]<div class=\"dt-fancy-separator title-left accent-title-color\" style=\"width: 100%;\"><div class=\"dt-fancy-title\"><span class=\"separator-holder separator-left\"><\/span>FUNDERS<span class=\"separator-holder separator-right\"><\/span><\/div><\/div>[vc_column_text]Interreg, European Union[\/vc_column_text][\/vc_column][vc_column width=&#8221;1\/4&#8243;]<div class=\"dt-fancy-separator title-left accent-title-color\" style=\"width: 100%;\"><div class=\"dt-fancy-title\"><span class=\"separator-holder separator-left\"><\/span>PROJECT DURATION<span class=\"separator-holder separator-right\"><\/span><\/div><\/div>[vc_column_text]January 2024 \u2013 June 2026[\/vc_column_text][\/vc_column][vc_column width=&#8221;1\/4&#8243;]<div class=\"dt-fancy-separator title-left accent-title-color\" style=\"width: 100%;\"><div class=\"dt-fancy-title\"><span class=\"separator-holder separator-left\"><\/span>WEB<span class=\"separator-holder separator-right\"><\/span><\/div><\/div>[vc_column_text]<a href=\"https:\/\/interreg-danube.eu\/projects\/circular-digibuild\">https:\/\/interreg-danube.eu\/projects\/circular-digibuild<\/a>[\/vc_column_text][\/vc_column][\/vc_row][vc_row css=&#8221;.vc_custom_1634147010459{margin-top: 60px !important;margin-bottom: 15px !important;}&#8221;][vc_column][vc_text_separator title=&#8221;PROJECT DESCRIPTION&#8221; color=&#8221;turquoise&#8221;][\/vc_column][\/vc_row][vc_row][vc_column][vc_column_text]<strong>Circular DigiBuild<\/strong> &#8211; Boosting the uptake of emerging technologies in circular economy implementation in construction and buildings industry in Danube region to sustainably harness the twin transition for greener future<\/p>\n<p>Forging new pathways to commonly enhance digitalisation-led circular economy innovations identification, piloting and transfer in construction and buildings industry and related policies in Danube region, ensuring stable pre-conditions to shifting the focus to a more sustainable territorial development is project\u2019s main objective. Project gathers partners from Germany, Austria, Slovenia, Croatia, Bosnia and Herzegovina, Serbia, Bulgaria, Romania, Slovakia, Czech Republic, Montenegro, Moldova, and Hungary. It is funded by the <strong>European Regional Development Fund through the Danube Region Programme<\/strong> with overall budget of 2.801.950,50 EUR.<\/p>\n<p><img loading=\"lazy\" decoding=\"async\" class=\"size-medium wp-image-6672 aligncenter\" src=\"https:\/\/www.icent.hr\/en\/wp-content\/uploads\/2024\/04\/Interreg-Danube-Region-300x111.png\" alt=\"\" width=\"300\" height=\"111\" srcset=\"https:\/\/icent.fer.unizg.hr\/en\/wp-content\/uploads\/2024\/04\/Interreg-Danube-Region-300x111.png 300w, https:\/\/icent.fer.unizg.hr\/en\/wp-content\/uploads\/2024\/04\/Interreg-Danube-Region.png 536w\" sizes=\"auto, (max-width: 300px) 100vw, 300px\" \/>[\/vc_column_text][\/vc_column][\/vc_row][vc_row css=&#8221;.vc_custom_1634147023937{margin-top: 60px !important;margin-bottom: 15px !important;}&#8221;][vc_column][vc_text_separator title=&#8221;PROJECT PARTNERS&#8221; color=&#8221;turquoise&#8221;][vc_column_text]<\/p>\n<table width=\"767\">\n<tbody>\n<tr>\n<td width=\"87\"><strong>PP<\/strong><\/td>\n<td width=\"87\"><strong>Acronym<\/strong><\/td>\n<td width=\"411\"><strong>Organization<\/strong><\/td>\n<td width=\"183\"><strong>Country<\/strong><\/td>\n<\/tr>\n<tr>\n<td width=\"87\"><strong>LP1<\/strong><\/td>\n<td width=\"87\"><strong>BAA<\/strong><\/td>\n<td width=\"411\"><strong>Business Agency Association<\/strong><\/td>\n<td width=\"183\">BG<\/td>\n<\/tr>\n<tr>\n<td width=\"87\">PP2<\/td>\n<td width=\"87\">ReCheck<\/td>\n<td width=\"411\">ReCheck EOOD<\/td>\n<td width=\"183\">BG<\/td>\n<\/tr>\n<tr>\n<td width=\"87\">PP3<\/td>\n<td width=\"87\">AWS<\/td>\n<td width=\"411\">Austria Wirtschaftsservice<\/td>\n<td width=\"183\">AT<\/td>\n<\/tr>\n<tr>\n<td width=\"87\">PP4<\/td>\n<td width=\"87\">HSH<\/td>\n<td width=\"411\">Hochschule Hof \u2013 University of Applied Sciences<\/td>\n<td width=\"183\">GER<\/td>\n<\/tr>\n<tr>\n<td width=\"87\">PP5<\/td>\n<td width=\"87\">INCIEN<\/td>\n<td width=\"411\">Institut Cirkul\u00e1rn\u00ed Ekonomiky, z.\u00fa.<\/td>\n<td width=\"183\">CZ<\/td>\n<\/tr>\n<tr>\n<td width=\"87\">PP6<\/td>\n<td width=\"87\">SBA<\/td>\n<td width=\"411\">Slovak Business Agency<\/td>\n<td width=\"183\">SK<\/td>\n<\/tr>\n<tr>\n<td width=\"87\">PP7<\/td>\n<td width=\"87\">UL<\/td>\n<td width=\"411\">University of Ljubljana<\/td>\n<td width=\"183\">SI<\/td>\n<\/tr>\n<tr>\n<td width=\"87\">PP8<\/td>\n<td width=\"87\">PBKIK<\/td>\n<td width=\"411\">Chamber of Commerce and Industry of P\u00e9cs-Baranya<\/td>\n<td width=\"183\">HU<\/td>\n<\/tr>\n<tr>\n<td width=\"87\">PP9<\/td>\n<td width=\"87\">IRCEM<\/td>\n<td width=\"411\">Institute for Research in Circular Economy and Environment \u201cErnest Lupan\u201d<\/td>\n<td width=\"183\">RO<\/td>\n<\/tr>\n<tr>\n<td width=\"87\">PP10<\/td>\n<td width=\"87\">ADRWEST<\/td>\n<td width=\"411\">Agentia de Dezvolatre Regionala Vest<\/td>\n<td width=\"183\">RO<\/td>\n<\/tr>\n<tr>\n<td width=\"87\">PP11<\/td>\n<td width=\"87\">SERDA<\/td>\n<td width=\"411\">Sarajevo Economic Region Development Agency<\/td>\n<td width=\"183\">BiH<\/td>\n<\/tr>\n<tr>\n<td width=\"87\">PP12<\/td>\n<td width=\"87\">STP NS<\/td>\n<td width=\"411\">Science and Technology Park Novi Sad<\/td>\n<td width=\"183\">SRB<\/td>\n<\/tr>\n<tr>\n<td width=\"87\">PP13<\/td>\n<td width=\"87\">ZWMNE<\/td>\n<td width=\"411\">Zero Waste Montenegro<\/td>\n<td width=\"183\">MNE<\/td>\n<\/tr>\n<tr>\n<td width=\"87\">PP14<\/td>\n<td width=\"87\">TERA<\/td>\n<td width=\"411\">TERA Tehnopolis Ltd.<\/td>\n<td width=\"183\">HR<\/td>\n<\/tr>\n<tr>\n<td width=\"87\">PP15<\/td>\n<td width=\"87\">ICENT<\/td>\n<td width=\"411\">Innovation Centre Nikola Tesla<\/td>\n<td width=\"183\">HR<\/td>\n<\/tr>\n<tr>\n<td width=\"87\">PP16<\/td>\n<td width=\"87\">BAC<\/td>\n<td width=\"411\">Business Advisory Center<\/td>\n<td width=\"183\">MD<\/td>\n<\/tr>\n<tr>\n<td width=\"87\">PP17<\/td>\n<td width=\"87\">EDIHCS<\/td>\n<td width=\"411\">EDIH in construction<\/td>\n<td width=\"183\">BG<\/td>\n<\/tr>\n<tr>\n<td width=\"87\">PP18<\/td>\n<td width=\"87\">VANGAVIS<\/td>\n<td width=\"411\">Vangavis EOOD<\/td>\n<td width=\"183\">BG<\/td>\n<\/tr>\n<\/tbody>\n<\/table>\n<p>[\/vc_column_text][\/vc_column][\/vc_row][vc_row disable_element=&#8221;yes&#8221;][vc_column width=&#8221;1\/4&#8243;][vc_single_image image=&#8221;6199&#8243; img_size=&#8221;full&#8221; alignment=&#8221;center&#8221; onclick=&#8221;custom_link&#8221;][\/vc_column][vc_column width=&#8221;1\/4&#8243;][vc_single_image image=&#8221;2443&#8243; img_size=&#8221;full&#8221; alignment=&#8221;center&#8221; onclick=&#8221;custom_link&#8221;][\/vc_column][vc_column width=&#8221;1\/4&#8243;][vc_single_image image=&#8221;2444&#8243; img_size=&#8221;full&#8221; alignment=&#8221;center&#8221; onclick=&#8221;custom_link&#8221;][\/vc_column][vc_column width=&#8221;1\/4&#8243;][vc_single_image image=&#8221;2445&#8243; img_size=&#8221;full&#8221; alignment=&#8221;center&#8221; onclick=&#8221;custom_link&#8221;][\/vc_column][\/vc_row][vc_row disable_element=&#8221;yes&#8221;][vc_column width=&#8221;1\/4&#8243;][vc_single_image image=&#8221;2446&#8243; img_size=&#8221;full&#8221; alignment=&#8221;center&#8221; onclick=&#8221;custom_link&#8221;][\/vc_column][vc_column width=&#8221;1\/4&#8243;][vc_single_image image=&#8221;2447&#8243; img_size=&#8221;full&#8221; alignment=&#8221;center&#8221; onclick=&#8221;custom_link&#8221;][\/vc_column][vc_column width=&#8221;1\/4&#8243;][vc_single_image image=&#8221;2449&#8243; img_size=&#8221;full&#8221; alignment=&#8221;center&#8221; onclick=&#8221;custom_link&#8221;][\/vc_column][vc_column width=&#8221;1\/4&#8243;][vc_single_image image=&#8221;2448&#8243; img_size=&#8221;full&#8221; alignment=&#8221;center&#8221; onclick=&#8221;custom_link&#8221;][\/vc_column][\/vc_row][vc_row disable_element=&#8221;yes&#8221;][vc_column width=&#8221;1\/4&#8243;][vc_single_image image=&#8221;5675&#8243; img_size=&#8221;full&#8221; alignment=&#8221;center&#8221; onclick=&#8221;custom_link&#8221;][\/vc_column][vc_column width=&#8221;1\/4&#8243;][vc_single_image image=&#8221;5676&#8243; img_size=&#8221;full&#8221; alignment=&#8221;center&#8221; onclick=&#8221;custom_link&#8221;][\/vc_column][vc_column width=&#8221;1\/4&#8243;][vc_single_image image=&#8221;5677&#8243; img_size=&#8221;full&#8221; alignment=&#8221;center&#8221; onclick=&#8221;custom_link&#8221;][\/vc_column][vc_column width=&#8221;1\/4&#8243;][vc_single_image image=&#8221;5678&#8243; img_size=&#8221;full&#8221; alignment=&#8221;center&#8221; onclick=&#8221;custom_link&#8221;][\/vc_column][\/vc_row][vc_row disable_element=&#8221;yes&#8221;][vc_column width=&#8221;1\/4&#8243;][vc_single_image image=&#8221;5679&#8243; img_size=&#8221;full&#8221; alignment=&#8221;center&#8221; onclick=&#8221;custom_link&#8221;][\/vc_column][vc_column width=&#8221;1\/4&#8243;][vc_single_image image=&#8221;5680&#8243; img_size=&#8221;full&#8221; alignment=&#8221;center&#8221; onclick=&#8221;custom_link&#8221;][\/vc_column][vc_column width=&#8221;1\/4&#8243;][vc_single_image image=&#8221;5681&#8243; img_size=&#8221;full&#8221; alignment=&#8221;center&#8221; onclick=&#8221;custom_link&#8221;][\/vc_column][vc_column width=&#8221;1\/4&#8243; css=&#8221;.vc_custom_1632066055845{padding-top: 30px !important;}&#8221;][vc_single_image image=&#8221;5682&#8243; img_size=&#8221;full&#8221; alignment=&#8221;center&#8221; onclick=&#8221;custom_link&#8221;][\/vc_column][\/vc_row][vc_row disable_element=&#8221;yes&#8221;][vc_column width=&#8221;1\/4&#8243;][\/vc_column][vc_column width=&#8221;1\/4&#8243;][vc_single_image image=&#8221;5683&#8243; img_size=&#8221;full&#8221; alignment=&#8221;center&#8221; onclick=&#8221;custom_link&#8221;][\/vc_column][vc_column width=&#8221;1\/4&#8243;][vc_single_image image=&#8221;5684&#8243; img_size=&#8221;full&#8221; alignment=&#8221;center&#8221; onclick=&#8221;custom_link&#8221; css=&#8221;.vc_custom_1632066067333{padding-top: 20px !important;}&#8221;][\/vc_column][vc_column width=&#8221;1\/4&#8243;][\/vc_column][\/vc_row]<\/p>\n<\/div>","protected":false},"excerpt":{"rendered":"<p>[vc_row css=&#8221;.vc_custom_1634146995771{margin-bottom: 15px !important;}&#8221;][vc_column][\/vc_column][\/vc_row][vc_row css=&#8221;.vc_custom_1631014811123{margin-top: 30px !important;}&#8221;][vc_column width=&#8221;1\/4&#8243;][vc_column_text]Circular DigiBuild[\/vc_column_text][\/vc_column][vc_column width=&#8221;1\/4&#8243;][vc_column_text]Interreg, European Union[\/vc_column_text][\/vc_column][vc_column width=&#8221;1\/4&#8243;][vc_column_text]January 2024 \u2013 June 2026[\/vc_column_text][\/vc_column][vc_column width=&#8221;1\/4&#8243;][vc_column_text]https:\/\/interreg-danube.eu\/projects\/circular-digibuild[\/vc_column_text][\/vc_column][\/vc_row][vc_row css=&#8221;.vc_custom_1634147010459{margin-top: 60px !important;margin-bottom: 15px !important;}&#8221;][vc_column][vc_text_separator title=&#8221;PROJECT DESCRIPTION&#8221; color=&#8221;turquoise&#8221;][\/vc_column][\/vc_row][vc_row][vc_column][vc_column_text]Circular DigiBuild &#8211; Boosting the uptake of emerging technologies in circular economy implementation in construction and buildings industry in Danube region to sustainably harness the twin transition for greener future&hellip;<\/p>\n","protected":false},"author":8,"featured_media":0,"parent":0,"menu_order":0,"comment_status":"closed","ping_status":"closed","template":"","meta":{"footnotes":""},"class_list":["post-6670","page","type-page","status-publish","hentry","description-off"],"_links":{"self":[{"href":"https:\/\/icent.fer.unizg.hr\/en\/wp-json\/wp\/v2\/pages\/6670","targetHints":{"allow":["GET"]}}],"collection":[{"href":"https:\/\/icent.fer.unizg.hr\/en\/wp-json\/wp\/v2\/pages"}],"about":[{"href":"https:\/\/icent.fer.unizg.hr\/en\/wp-json\/wp\/v2\/types\/page"}],"author":[{"embeddable":true,"href":"https:\/\/icent.fer.unizg.hr\/en\/wp-json\/wp\/v2\/users\/8"}],"replies":[{"embeddable":true,"href":"https:\/\/icent.fer.unizg.hr\/en\/wp-json\/wp\/v2\/comments?post=6670"}],"version-history":[{"count":5,"href":"https:\/\/icent.fer.unizg.hr\/en\/wp-json\/wp\/v2\/pages\/6670\/revisions"}],"predecessor-version":[{"id":6676,"href":"https:\/\/icent.fer.unizg.hr\/en\/wp-json\/wp\/v2\/pages\/6670\/revisions\/6676"}],"wp:attachment":[{"href":"https:\/\/icent.fer.unizg.hr\/en\/wp-json\/wp\/v2\/media?parent=6670"}],"curies":[{"name":"wp","href":"https:\/\/api.w.org\/{rel}","templated":true}]}}