{"id":2161,"date":"2021-08-18T08:44:16","date_gmt":"2021-08-18T08:44:16","guid":{"rendered":"https:\/\/icent.hr\/noviweb\/?page_id=2161"},"modified":"2025-06-08T08:56:46","modified_gmt":"2025-06-08T07:56:46","slug":"general-info","status":"publish","type":"page","link":"https:\/\/icent.fer.unizg.hr\/en\/general-info\/","title":{"rendered":"General info"},"content":{"rendered":"<div class=\"wpb-content-wrapper\"><p>[vc_row parallax_content=&#8221;parallax_content_value&#8221; parallax_content_sense=&#8221;30&#8243;][vc_column css=&#8221;.vc_custom_1717575337613{margin-bottom: 30px !important;}&#8221;][vc_column_text css=&#8221;.vc_custom_1634242849948{padding-top: 20px !important;padding-right: 20px !important;padding-bottom: 20px !important;padding-left: 20px !important;background-image: url(https:\/\/www.icent.hr\/en\/wp-content\/uploads\/2021\/09\/pozadina2.png?id=5083) !important;}&#8221;]<\/p>\n<h4><strong style=\"color: white;\">ICENT and University of Zagreb Faculty of Electrical Engineering and Computing<\/strong><\/h4>\n<p><span style=\"color: #ededed;\">ICENT has its roots in the University of Zagreb Faculty of Electrical Engineering and Computing (FER) and is established with the aim of creating a third dimension &#8211; innovations based on scientific research. Partnership between ICENT and FER creates a powerful driver that activates the academic and research community for the benefit of the development of the Croatian economy and society.<\/span>[\/vc_column_text][vc_row_inner css=&#8221;.vc_custom_1717575354081{margin-top: 15px !important;}&#8221;][vc_column_inner width=&#8221;1\/2&#8243;]<div class=\"dt-fancy-separator title-left h3-size style-thick title-color\" style=\"width: 100%;\"><div class=\"dt-fancy-title\"><span class=\"separator-holder separator-left\"><\/span>Mission<span class=\"separator-holder separator-right\"><\/span><\/div><\/div>[vc_column_text]Innovation Centre Nikola Tesla contributes to the growth of the Croatian economy based on high technologies, primarily in the sectors of energetics, transport, automation and robotics, advanced components, biomedical engineering, and information and communication technology.[\/vc_column_text][\/vc_column_inner][vc_column_inner width=&#8221;1\/2&#8243;]<div class=\"dt-fancy-separator title-left h3-size style-thick title-color\" style=\"width: 100%;\"><div class=\"dt-fancy-title\"><span class=\"separator-holder separator-left\"><\/span>Vission<span class=\"separator-holder separator-right\"><\/span><\/div><\/div>[vc_column_text]Innovation Centre Nikola Tesla is the leading constituent of the innovation ecosystem in Croatia, and Danube region in perspective, for applied research and development in the field of engineering and related applications that guide Croatian society and economy towards competitiveness and sustainability with the strong support of ICT.[\/vc_column_text][\/vc_column_inner][\/vc_row_inner][\/vc_column][\/vc_row][vc_row css=&#8221;.vc_custom_1631988958098{margin-top: 40px !important;}&#8221;][vc_column][vc_text_separator title=&#8221;Our team&#8221; i_icon_fontawesome=&#8221;fas fa-users&#8221; i_color=&#8221;turquoise&#8221; i_background_style=&#8221;rounded-outline&#8221; i_background_color=&#8221;custom&#8221; color=&#8221;turquoise&#8221; add_icon=&#8221;true&#8221; i_custom_background_color=&#8221;#cccccc&#8221;][\/vc_column][\/vc_row][vc_row][vc_column width=&#8221;1\/4&#8243;][vc_single_image image=&#8221;6749&#8243; img_size=&#8221;150&#215;150&#8243; alignment=&#8221;center&#8221; style=&#8221;vc_box_shadow_border_circle&#8221; css=&#8221;&#8221;][vc_column_text css=&#8221;&#8221;]<\/p>\n<p style=\"text-align: center;\"><strong>Associate professor Tomislav Capuder, Ph.D.<br \/>\n<\/strong><em>Accting Director<\/em><br \/>\n<a href=\"mailto:tomislav.capuder@icent.hr\">tomislav.capuder@icent.hr<\/a>[\/vc_column_text][\/vc_column][vc_column width=&#8221;1\/4&#8243;][vc_single_image image=&#8221;5077&#8243; img_size=&#8221;150&#215;150&#8243; alignment=&#8221;center&#8221; style=&#8221;vc_box_shadow_border_circle_2&#8243;][vc_column_text]<\/p>\n<p style=\"text-align: center;\"><strong>Davorka Moslavac Forjan, Ph.D.<br \/>\n<\/strong><em>CROBOHUB++ Coordinator<br \/>\n<\/em><a href=\"mailto:davorka.moslavac@icent.hr\">davorka.moslavac@icent.hr<\/a>[\/vc_column_text][\/vc_column][vc_column width=&#8221;1\/4&#8243;][vc_single_image image=&#8221;2481&#8243; img_size=&#8221;150&#215;150&#8243; alignment=&#8221;center&#8221; style=&#8221;vc_box_shadow_border_circle_2&#8243;][vc_column_text]<\/p>\n<p style=\"text-align: center;\"><strong>Matija Srbi\u0107, mag. ing.<br \/>\n<\/strong><em>Nuqleus Coordinator<br \/>\n<\/em><a href=\"mailto:matija.srbic@icent.hr\">matija.srbic@icent.hr<\/a>[\/vc_column_text][\/vc_column][vc_column width=&#8221;1\/4&#8243;][vc_single_image image=&#8221;5078&#8243; img_size=&#8221;150&#215;150&#8243; alignment=&#8221;center&#8221; style=&#8221;vc_box_shadow_border_circle_2&#8243;][vc_column_text]<\/p>\n<p style=\"text-align: center;\"><strong>Martina Pi\u010dman, bacc. admin. public<br \/>\n<\/strong><em>Office Manager<\/em><br \/>\n<a href=\"mailto:martina.picman@icent.hr\">martina.picman@icent.hr<\/a>[\/vc_column_text][\/vc_column][\/vc_row][vc_row css=&#8221;.vc_custom_1631988998276{margin-top: 30px !important;}&#8221;][vc_column width=&#8221;1\/4&#8243;][vc_single_image image=&#8221;6513&#8243; img_size=&#8221;150&#215;150&#8243; alignment=&#8221;center&#8221; style=&#8221;vc_box_shadow_border_circle_2&#8243;][vc_column_text]<\/p>\n<p style=\"text-align: center;\"><strong>Deni Nurki\u0107, mag. phys.<br \/>\n<\/strong><em>CROBOHUB++ Service Manager<br \/>\nNuqleus Team Member<\/em><br \/>\n<a href=\"mailto:mirjana.dozan@icent.hr\">deni.nurkic@icent.hr<\/a>[\/vc_column_text][\/vc_column][vc_column width=&#8221;1\/4&#8243;][vc_single_image image=&#8221;6514&#8243; img_size=&#8221;150&#215;150&#8243; alignment=&#8221;center&#8221; style=&#8221;vc_box_shadow_border_circle&#8221;][vc_column_text]<\/p>\n<p style=\"text-align: center;\"><strong>Mirta Anjo\u0161, mag. oec.<br \/>\n<\/strong><em>CROBOHUB++ Communications Manager<\/em><br \/>\n<a href=\"mailto:mirta.anjos@icent.hr\">mirta.anjos@icent.hr<\/a>[\/vc_column_text][\/vc_column][vc_column width=&#8221;1\/4&#8243;][vc_single_image image=&#8221;6684&#8243; img_size=&#8221;150&#215;150&#8243; alignment=&#8221;center&#8221; style=&#8221;vc_box_shadow_border_circle_2&#8243;][vc_column_text]<\/p>\n<p style=\"text-align: center;\"><strong>Tena \u017dganec, mag. educ. orator<br \/>\n<\/strong><em>Project Manager, Nuqleus<\/em><br \/>\n<a href=\"mailto:tena.zganec@icent.hr\">tena.zganec@icent.hr<\/a>[\/vc_column_text][\/vc_column][\/vc_row][vc_row bg_type=&#8221;image&#8221; parallax_style=&#8221;vcpb-default&#8221; bg_image_new=&#8221;id^5083|url^https:\/\/icent.hr\/noviweb\/wp-content\/uploads\/2021\/09\/pozadina2.png|caption^null|alt^null|title^pozadina2|description^null&#8221; css=&#8221;.vc_custom_1631990586677{margin-top: 50px !important;margin-right: 0px !important;margin-left: 0px !important;padding-top: 20px !important;padding-right: 20px !important;padding-bottom: 20px !important;padding-left: 20px !important;}&#8221;][vc_column width=&#8221;1\/2&#8243;]<div class=\"dt-fancy-separator title-left h3-size\" style=\"width: 100%;\"><div class=\"dt-fancy-title\" style=\"color: #ffffff;\"><span class=\"separator-holder separator-left\" style=\"border-color: #ffffff;\"><\/span>MANAGEMENT BOARD<span class=\"separator-holder separator-right\" style=\"border-color: #ffffff;\"><\/span><\/div><\/div>[vc_column_text]<span style=\"color: #ffffff;\">Professor Vedran Bilas, Ph.D. &#8211; president<\/span><br \/>\n<span style=\"color: #ffffff;\">Professor Nikola Mi\u0161kovi\u0107, Ph.D. &#8211; vice president<\/span><br \/>\n<span style=\"color: #ffffff;\">Associate Professor Dubravko Babi\u0107, Ph.D.<\/span><br \/>\n<span style=\"color: #ffffff;\">Professor Hrvoje Pand\u017ei\u0107, Ph.D.<\/span><br \/>\n<span style=\"color: #ffffff;\">Academic Professor Ivan Petrovi\u0107, Ph.D.<\/span>[\/vc_column_text][\/vc_column][vc_column width=&#8221;1\/2&#8243;]<div class=\"dt-fancy-separator title-left h3-size\" style=\"width: 100%;\"><div class=\"dt-fancy-title\" style=\"color: #ffffff;\"><span class=\"separator-holder separator-left\" style=\"border-color: #ffffff;\"><\/span>SCIENTIFIC BOARD<span class=\"separator-holder separator-right\" style=\"border-color: #ffffff;\"><\/span><\/div><\/div>[vc_column_text css=&#8221;&#8221;]<span style=\"color: #ffffff;\">Professor Adrijan Bari\u0107, Ph.D. &#8211; president<\/span><br \/>\n<span style=\"color: #ffffff;\">Professor Stjepan Bogdan, Ph.D. &#8211; vice president<\/span><br \/>\n<span style=\"color: #ffffff;\">Professor Hrvoje D\u017eapo, Ph.D. &#8211; member<\/span><br \/>\n<span style=\"color: #ffffff;\">Associate professor Ante \u0110erek, Ph.D. &#8211; member<\/span><br \/>\n<span style=\"color: #ffffff;\">Dubravko Babi\u0107, Ph.D. &#8211; member<\/span><br \/>\n<span style=\"color: #ffffff;\">Associate professor Tomislav Capuder, Ph.D. &#8211; By duty, Acting Director of ICENT<\/span>[\/vc_column_text][\/vc_column][\/vc_row][vc_row disable_element=&#8221;yes&#8221; css=&#8221;.vc_custom_1717574482511{margin-top: 30px !important;}&#8221;][vc_column width=&#8221;1\/4&#8243;]<div class=\"standard-arrow list-divider bullet-top\"><ul>\n<li style=\"text-align: left;\">Professor Hrvoje Pan\u017ei\u0107, Ph.D.<br \/>\n<a href=\"mailto:hrvoje.pandzic@icent.hr\">hrvoje.pandzic@icent.hr<\/a><\/li>\n<li style=\"text-align: left;\">Associate professor Tomislav Capuder, Ph.D.<br \/>\n<a href=\"mailto:tomislav.capuder@icent.hr\">tomislav.capuder@icent.hr<\/a><\/li>\n<li style=\"text-align: left;\">Associate professor Ivan Markovi\u0107, Ph.D.<br \/>\n<a href=\"mailto:ivan.markovic@icent.hr\">ivan.markovic@icent.hr<\/a><\/li>\n<li style=\"text-align: left;\">Associate professor Marija Seder, Ph.D.<br \/>\n<a href=\"mailto:marija.seder@icent.hr\">marija.seder@icent.hr<\/a><\/li>\n<li style=\"text-align: left;\">Associate professor Marin Vukovi\u0107, Ph.D.<br \/>\n<a href=\"mailto:marin.vukovic@icent.hr\">marin.vukovic@icent.hr<\/a><\/li>\n<\/ul>\n<\/div>[\/vc_column][vc_column width=&#8221;1\/4&#8243;]<div class=\"standard-arrow list-divider bullet-top\"><div>\n<div>\n<div>\n<div>\n<div>\n<ul>\n<li style=\"text-align: left;\">Assistant professor Anita Banjac, Ph.D.<br \/>\n<a href=\"mailto:anita.banjac@icent.hr\">anita.banjac@icent.hr<\/a><\/li>\n<li style=\"text-align: left;\">Associate professor Stjepan Gro\u0161, Ph.D.<br \/>\n<a href=\"mailto:stjepan.gros@icent.hr\">stjepan.gros@icent.hr<\/a><\/li>\n<li style=\"text-align: left;\">Associate professor Vinko Le\u0161i\u0107, Ph.D.<br \/>\n<a href=\"mailto:vinko.lesic@icent.hr\">vinko.lesic@icent.hr<\/a><\/li>\n<li style=\"text-align: left;\">Assistant professor Tvrtko Mandi\u0107, Ph.D.<br \/>\n<a href=\"mailto:tvrtko.mandic@icent.hr\">tvrtko.mandic@icent.hr<\/a><\/li>\n<li style=\"text-align: left;\">Nikola Hure, Ph.D.<br \/>\n<a href=\"mailto:nikola.hure@icent.hr\">nikola.hure@icent.hr<\/a><\/li>\n<li style=\"text-align: left;\">Hrvoje Novak, Ph.D.<br \/>\n<a href=\"mailto:hrvoje.novak@icent.hr\">hrvoje.novak@icent.hr<\/a><\/li>\n<\/ul>\n<\/div>\n<\/div>\n<\/div>\n<\/div>\n<\/div>\n<div style=\"text-align: left;\">\n<div>\n<div>\n<div><\/div>\n<\/div>\n<\/div>\n<\/div>\n<div>\n<div style=\"text-align: left;\">\n<div>\n<div>\n<div>\n<div><\/div>\n<\/div>\n<\/div>\n<\/div>\n<\/div>\n<div style=\"text-align: left;\">\n<div>\n<div>\n<div>\n<div><\/div>\n<\/div>\n<\/div>\n<\/div>\n<\/div>\n<div>\n<div>\n<div>\n<div>\n<div style=\"text-align: left;\"><\/div>\n<\/div>\n<\/div>\n<\/div>\n<\/div>\n<\/div>\n<\/div>[\/vc_column][vc_column width=&#8221;1\/4&#8243;]<div class=\"standard-arrow list-divider bullet-top\"><div>\n<div>\n<div>\n<div>\n<div>\n<ul>\n<li>Assistant professor Mateo Beus, Ph.D.<br \/>\n<a href=\"mailto:mateo.beus@icent.hr\">mateo.beus@icent.hr<\/a><\/li>\n<li>Mirna Gr\u017eani\u0107, Ph.D.<br \/>\n<a href=\"mailto:mirna.grzanic@icent.hr\">mirna.grzanic@icent.hr<\/a><\/li>\n<li>Ivan Pavi\u0107, Ph.D.<br \/>\n<a href=\"mailto:ivan.pavic@icent.hr\">ivan.pavic@icent.hr<\/a><\/li>\n<li>Tomislav Bo\u0161njak, mag. ing.<br \/>\n<a href=\"mailto:tomislav.bosnjak@icent.hr\">tomislav.bosnjak@icent.hr<\/a><\/li>\n<li>Juraj Grabovac, mag. ing.<br \/>\n<a href=\"mailto:juraj.grabovac@icent.hr\">juraj.grabovac@icent.hr<\/a><\/li>\n<li>Deni Nurki\u0107, mag. phys.<br \/>\n<a href=\"mailto:deni.nurkic@icent.hr\">deni.nurkic@icent.hr<\/a><\/li>\n<li>Tomislav Anti\u0107, mag. ing.<br \/>\n<a href=\"mailto:tomislav.antic@icent.hr\">tomislav.antic@icent.hr<\/a><\/li>\n<li>Domagoj Badanjak, mag. ing.<br \/>\n<a href=\"mailto:domagoj.badanjak@icent.hr\">domagoj.badanjak@icent.hr<\/a><\/li>\n<\/ul>\n<\/div>\n<\/div>\n<\/div>\n<\/div>\n<\/div>\n<\/div>[\/vc_column][vc_column width=&#8221;1\/4&#8243;]<div class=\"standard-arrow list-divider bullet-top\"><ul>\n<li>Matija Kostelac, mag. ing.<br \/>\n<a href=\"mailto:matija.kostelac@icent.hr\">matija.kostelac@icent.hr<\/a><\/li>\n<li>Marija Mileti\u0107, mag. ing.<br \/>\n<a href=\"mailto:marija.miletic@icent.hr\">marija.miletic@icent.hr<\/a><\/li>\n<li>Karlo \u0160epetanc, mag. ing.<br \/>\n<a href=\"mailto:karlo.sepetanc@icent.hr\">karlo.sepetanc@icent.hr<\/a><\/li>\n<li>Ivan Kova\u010devi\u010d, mag. ing.<br \/>\n<a href=\"mailto:ivan.kovacevic@icent.hr\">ivan.kovacevic@icent.hr<\/a><\/li>\n<li>Mak Gra\u010di\u0107, mag. ing.<br \/>\n<a href=\"mailto:mak.grcic@icent.hr\">mak.gracic@icent.hr<\/a><\/li>\n<li>Marko Ratkovi\u0107, mag. ing.<br \/>\n<a href=\"mailto:marko.ratkovic@icent.hr\">marko.ratkovic@icent.hr<\/a><\/li>\n<li>Mladen Seni\u010di\u0107, dipl. ing.<br \/>\n<a href=\"mailto:mladen.senicic@icent.hr\">mladen.senicic@icent.hr<\/a><\/li>\n<\/ul>\n<\/div>[\/vc_column][\/vc_row][vc_row][vc_column][vc_text_separator title=&#8221;Partners&#8221; i_icon_fontawesome=&#8221;fas fa-users-cog&#8221; i_color=&#8221;turquoise&#8221; i_background_style=&#8221;rounded-outline&#8221; i_background_color=&#8221;custom&#8221; color=&#8221;turquoise&#8221; add_icon=&#8221;true&#8221; i_custom_background_color=&#8221;#cccccc&#8221;][\/vc_column][\/vc_row][vc_row][vc_column width=&#8221;1\/4&#8243;][vc_single_image image=&#8221;2313&#8243; img_size=&#8221;full&#8221; alignment=&#8221;center&#8221; onclick=&#8221;custom_link&#8221; img_link_target=&#8221;_blank&#8221; css=&#8221;.vc_custom_1631811944354{margin-top: 0px !important;margin-bottom: 0px !important;border-top-width: 0px !important;border-bottom-width: 0px !important;padding-top: 0px !important;padding-bottom: 0px !important;}&#8221; link=&#8221;https:\/\/www.fer.unizg.hr&#8221;][vc_column_text]<\/p>\n<div class=\"header_bck\">\n<div class=\"container\">\n<div class=\"row\">\n<div class=\"hidden-sm hidden-xs\">\n<div id=\"logo-text\" class=\"col-sm-12\">\n<p style=\"text-align: center;\">University of Zagreb Faculty of Electrical Engineering and Computing<br \/>\n<em>Unska 3, 10000 Zagreb<\/em><\/p>\n<\/div>\n<\/div>\n<\/div>\n<\/div>\n<\/div>\n<p>[\/vc_column_text][\/vc_column][vc_column width=&#8221;1\/4&#8243;][vc_single_image image=&#8221;2314&#8243; img_size=&#8221;full&#8221; alignment=&#8221;center&#8221; onclick=&#8221;custom_link&#8221; img_link_target=&#8221;_blank&#8221; css=&#8221;.vc_custom_1631811935602{margin-top: 0px !important;margin-right: 0px !important;margin-bottom: 0px !important;margin-left: 0px !important;}&#8221; link=&#8221;https:\/\/www.fsb.unizg.hr\/&#8221;][vc_column_text]<\/p>\n<p style=\"text-align: center;\">University of Zagreb Faculty of Mechanical Engineering and Naval Architecture<br \/>\n<em><span class=\"st\">Ivana Lu\u010di\u0107a 5, 10002 Zagreb p.p. 102<\/span><\/em>[\/vc_column_text][\/vc_column][vc_column width=&#8221;1\/4&#8243;][vc_single_image image=&#8221;5567&#8243; img_size=&#8221;full&#8221; alignment=&#8221;center&#8221; onclick=&#8221;custom_link&#8221; css=&#8221;.vc_custom_1631950770026{margin-top: 0px !important;margin-bottom: 0px !important;}&#8221; link=&#8221;https:\/\/www.agr.unizg.hr\/&#8221;][vc_column_text]<\/p>\n<p style=\"text-align: center;\">University of Zagreb Faculty of Agriculture<br \/>\n<em>Sveto\u0161imunska cesta 25, 10000 Zagreb<\/em>[\/vc_column_text][\/vc_column][vc_column width=&#8221;1\/4&#8243;][vc_single_image image=&#8221;5755&#8243; img_size=&#8221;full&#8221; alignment=&#8221;center&#8221; onclick=&#8221;custom_link&#8221; css=&#8221;.vc_custom_1632164582745{padding-top: 35px !important;}&#8221;][vc_column_text css=&#8221;.vc_custom_1634141257242{padding-top: 45px !important;}&#8221;]<\/p>\n<p style=\"text-align: center;\">University of Zagreb Faculty of Architecture<br \/>\n<em>Fra Andrije Ka\u010di\u0107a Mio\u0161i\u0107a 26, 10000 Zagreb<\/em>[\/vc_column_text][\/vc_column][\/vc_row][vc_row css=&#8221;.vc_custom_1631991076269{margin-top: 30px !important;}&#8221;][vc_column width=&#8221;1\/4&#8243;][vc_single_image image=&#8221;2317&#8243; img_size=&#8221;full&#8221; alignment=&#8221;center&#8221; onclick=&#8221;custom_link&#8221; img_link_target=&#8221;_blank&#8221; css=&#8221;.vc_custom_1631811924659{margin-top: 0px !important;margin-right: 0px !important;margin-bottom: 0px !important;margin-left: 0px !important;}&#8221; link=&#8221;https:\/\/www.irb.hr\/&#8221;][vc_column_text]<\/p>\n<p style=\"text-align: center;\">Ru\u0111er Bo\u0161kovi\u0107 Institute<br \/>\n<em>Bijeni\u010dka cesta 54,\u00a010000 Zagreb<\/em>[\/vc_column_text][\/vc_column][vc_column width=&#8221;1\/4&#8243;][vc_single_image image=&#8221;2319&#8243; img_size=&#8221;full&#8221; alignment=&#8221;center&#8221; onclick=&#8221;custom_link&#8221; img_link_target=&#8221;_blank&#8221; css=&#8221;.vc_custom_1631811916923{margin-top: 0px !important;margin-right: 0px !important;margin-bottom: 0px !important;margin-left: 0px !important;}&#8221; link=&#8221;https:\/\/www.srce.unizg.hr\/&#8221;][vc_column_text css=&#8221;.vc_custom_1634141174104{margin-top: 15px !important;}&#8221;]<\/p>\n<p style=\"text-align: center;\">University of Zagreb University Computing Centre<br \/>\n<em>Josipa Marohni\u0107a 5, 10000 Zagreb<\/em>[\/vc_column_text][\/vc_column][vc_column width=&#8221;1\/4&#8243;][vc_single_image image=&#8221;2315&#8243; img_size=&#8221;full&#8221; alignment=&#8221;center&#8221; onclick=&#8221;custom_link&#8221; img_link_target=&#8221;_blank&#8221; css=&#8221;.vc_custom_1631811871306{margin-top: 0px !important;margin-right: 0px !important;margin-bottom: 0px !important;margin-left: 0px !important;}&#8221; link=&#8221;https:\/\/www.hgk.hr\/&#8221;][vc_column_text]<\/p>\n<p style=\"text-align: center;\">Croatian Chamber of Economy<br \/>\n<em>Rooseveltov trg 2, 10000 Zagreb<\/em>[\/vc_column_text][\/vc_column][vc_column width=&#8221;1\/4&#8243;][vc_single_image image=&#8221;2526&#8243; img_size=&#8221;full&#8221; alignment=&#8221;center&#8221; onclick=&#8221;custom_link&#8221; img_link_target=&#8221;_blank&#8221; css=&#8221;.vc_custom_1631811878187{margin-top: 0px !important;margin-right: 0px !important;margin-bottom: 0px !important;margin-left: 0px !important;}&#8221; link=&#8221;https:\/\/www.zicer.hr\/&#8221;][vc_column_text]<\/p>\n<p style=\"text-align: center;\">Zagreb Innovation Centre Ltd.<br \/>\n<em>Avenija Dubrovnik 15, 10000 Zagreb<\/em>[\/vc_column_text][\/vc_column][\/vc_row][vc_row css=&#8221;.vc_custom_1631991002197{margin-top: 30px !important;}&#8221;][vc_column width=&#8221;1\/4&#8243;][vc_single_image image=&#8221;2320&#8243; img_size=&#8221;full&#8221; alignment=&#8221;center&#8221; onclick=&#8221;custom_link&#8221; img_link_target=&#8221;_blank&#8221; css=&#8221;.vc_custom_1631811887370{margin-top: 0px !important;margin-right: 0px !important;margin-bottom: 0px !important;margin-left: 0px !important;}&#8221; link=&#8221;https:\/\/www.zsis.hr\/&#8221;][vc_column_text]<\/p>\n<p style=\"text-align: center;\">Information Systems Security Bureau<br \/>\n<em>Fra Filipa Grabovca 3, 10000 Zagreb<\/em>[\/vc_column_text][\/vc_column][vc_column width=&#8221;1\/4&#8243;][vc_single_image image=&#8221;2316&#8243; img_size=&#8221;full&#8221; alignment=&#8221;center&#8221; onclick=&#8221;custom_link&#8221; img_link_target=&#8221;_blank&#8221; css=&#8221;.vc_custom_1631811899516{margin-top: 0px !important;margin-right: 0px !important;margin-bottom: 0px !important;margin-left: 0px !important;}&#8221; link=&#8221;https:\/\/www.infodom.hr\/&#8221;][vc_column_text]<\/p>\n<p style=\"text-align: center;\">InfoDom d.o.o.<br \/>\n<em>Andrije \u017daje 61\/I, 10000 Zagreb<\/em>[\/vc_column_text][\/vc_column][vc_column width=&#8221;1\/4&#8243;][vc_single_image image=&#8221;2540&#8243; img_size=&#8221;200&#215;105&#8243; alignment=&#8221;center&#8221; onclick=&#8221;custom_link&#8221; img_link_target=&#8221;_blank&#8221; css=&#8221;.vc_custom_1632079364352{padding-top: 20px !important;}&#8221; link=&#8221;https:\/\/www.hrvatski-izvoznici.hr\/&#8221;][vc_column_text css=&#8221;.vc_custom_1634142674708{padding-top: 10px !important;}&#8221;]<\/p>\n<p style=\"text-align: center;\">Croatian Experts<br \/>\n<em>Fallerovo \u0161etali\u0161te 22, 10000 Zagreb<\/em>[\/vc_column_text][\/vc_column][vc_column width=&#8221;1\/4&#8243;][vc_single_image image=&#8221;2543&#8243; img_size=&#8221;200&#215;120&#8243; alignment=&#8221;center&#8221; onclick=&#8221;custom_link&#8221; img_link_target=&#8221;_blank&#8221; css=&#8221;.vc_custom_1632079420474{padding-top: 15px !important;}&#8221; link=&#8221;https:\/\/tehnix.hr\/&#8221;][vc_column_text]<\/p>\n<p style=\"text-align: center;\">Tehnix d.o.o.<br \/>\n<em>Bra\u0107e Radi\u0107a 35, 40320 Donji Kraljevec<\/em>[\/vc_column_text][\/vc_column][\/vc_row][vc_row css=&#8221;.vc_custom_1631990960272{margin-top: 30px !important;}&#8221;][vc_column width=&#8221;1\/4&#8243;][vc_single_image image=&#8221;2539&#8243; img_size=&#8221;full&#8221; alignment=&#8221;center&#8221; onclick=&#8221;custom_link&#8221; img_link_target=&#8221;_blank&#8221; css=&#8221;.vc_custom_1631811759600{margin-top: 0px !important;margin-right: 0px !important;margin-bottom: 0px !important;margin-left: 0px !important;}&#8221; link=&#8221;https:\/\/www.hatz.hr\/&#8221;][vc_column_text css=&#8221;.vc_custom_1634210635355{padding-top: 10px !important;}&#8221;]<\/p>\n<p style=\"text-align: center;\">Croatian Academy of Engineering<br \/>\n<em>Ka\u010di\u0107eva 28, 10000 Zagreb<\/em>[\/vc_column_text][\/vc_column][vc_column width=&#8221;1\/4&#8243;][vc_single_image image=&#8221;2541&#8243; img_size=&#8221;full&#8221; alignment=&#8221;center&#8221; onclick=&#8221;custom_link&#8221; img_link_target=&#8221;_blank&#8221; css=&#8221;.vc_custom_1632079163558{margin-bottom: 0px !important;padding-top: 30px !important;padding-bottom: 30px !important;}&#8221; link=&#8221;https:\/\/www.koncar.hr\/&#8221;][vc_column_text css=&#8221;.vc_custom_1634142526474{padding-top: 0px !important;}&#8221;]<\/p>\n<p style=\"text-align: center;\">KON\u010cAR &#8211; Electronics and Informatics Inc.<br \/>\n<em>Fallerovo \u0161etali\u0161te 22, 10 000 Zagreb<\/em>[\/vc_column_text][\/vc_column][vc_column width=&#8221;1\/4&#8243;][vc_single_image image=&#8221;2542&#8243; img_size=&#8221;full&#8221; alignment=&#8221;center&#8221; onclick=&#8221;custom_link&#8221; img_link_target=&#8221;_blank&#8221; css=&#8221;.vc_custom_1632079244606{padding-top: 25px !important;}&#8221; link=&#8221;https:\/\/www.klimaoprema.hr\/&#8221;][vc_column_text css=&#8221;.vc_custom_1634142599826{padding-top: 20px !important;}&#8221;]<\/p>\n<p style=\"text-align: center;\">Klimaoprema d.d.<br \/>\n<em>Gradna 78A, 10430 Samobor<\/em>[\/vc_column_text][\/vc_column][vc_column width=&#8221;1\/4&#8243;][vc_single_image image=&#8221;2537&#8243; img_size=&#8221;full&#8221; alignment=&#8221;center&#8221; onclick=&#8221;custom_link&#8221; img_link_target=&#8221;_blank&#8221; css=&#8221;.vc_custom_1632079285680{padding-top: 25px !important;}&#8221; link=&#8221;https:\/\/tetida.eu\/&#8221;][vc_column_text css=&#8221;.vc_custom_1634142614226{padding-top: 10px !important;}&#8221;]<\/p>\n<p style=\"text-align: center;\">TETIDA d.o.o.<br \/>\n<em>Ulica Zumbula 26, 10360 Sesvete<\/em>[\/vc_column_text][\/vc_column][\/vc_row]<\/p>\n<\/div>","protected":false},"excerpt":{"rendered":"<p>[vc_row parallax_content=&#8221;parallax_content_value&#8221; parallax_content_sense=&#8221;30&#8243;][vc_column css=&#8221;.vc_custom_1717575337613{margin-bottom: 30px !important;}&#8221;][vc_column_text css=&#8221;.vc_custom_1634242849948{padding-top: 20px !important;padding-right: 20px !important;padding-bottom: 20px !important;padding-left: 20px !important;background-image: url(https:\/\/www.icent.hr\/en\/wp-content\/uploads\/2021\/09\/pozadina2.png?id=5083) !important;}&#8221;] ICENT and University of Zagreb Faculty of Electrical Engineering and Computing ICENT has its roots in the University of Zagreb Faculty of Electrical Engineering and Computing (FER) and is established with the aim of creating a third dimension&hellip;<\/p>\n","protected":false},"author":1,"featured_media":0,"parent":0,"menu_order":0,"comment_status":"closed","ping_status":"closed","template":"","meta":{"footnotes":""},"class_list":["post-2161","page","type-page","status-publish","hentry","description-off"],"_links":{"self":[{"href":"https:\/\/icent.fer.unizg.hr\/en\/wp-json\/wp\/v2\/pages\/2161","targetHints":{"allow":["GET"]}}],"collection":[{"href":"https:\/\/icent.fer.unizg.hr\/en\/wp-json\/wp\/v2\/pages"}],"about":[{"href":"https:\/\/icent.fer.unizg.hr\/en\/wp-json\/wp\/v2\/types\/page"}],"author":[{"embeddable":true,"href":"https:\/\/icent.fer.unizg.hr\/en\/wp-json\/wp\/v2\/users\/1"}],"replies":[{"embeddable":true,"href":"https:\/\/icent.fer.unizg.hr\/en\/wp-json\/wp\/v2\/comments?post=2161"}],"version-history":[{"count":147,"href":"https:\/\/icent.fer.unizg.hr\/en\/wp-json\/wp\/v2\/pages\/2161\/revisions"}],"predecessor-version":[{"id":6797,"href":"https:\/\/icent.fer.unizg.hr\/en\/wp-json\/wp\/v2\/pages\/2161\/revisions\/6797"}],"wp:attachment":[{"href":"https:\/\/icent.fer.unizg.hr\/en\/wp-json\/wp\/v2\/media?parent=2161"}],"curies":[{"name":"wp","href":"https:\/\/api.w.org\/{rel}","templated":true}]}}